{"id":9912,"date":"2023-10-30T16:26:39","date_gmt":"2023-10-30T15:26:40","guid":{"rendered":"https:\/\/tandemgarden.com\/?post_type=product&#038;p=9912"},"modified":"2024-12-05T13:59:07","modified_gmt":"2024-12-05T12:59:07","slug":"colgante-pina-cristal","status":"publish","type":"product","link":"https:\/\/tandemgarden.com\/es\/producto\/colgante-pina-cristal\/","title":{"rendered":"Colgante pi\u00f1a cristal"},"content":{"rendered":"","protected":false},"excerpt":{"rendered":"<p>Colgante en forma de pi\u00f1a de cristal para colgar al \u00c1rbol de Navidad, con tres colores diferentes a escoger.<\/p>\n","protected":false},"featured_media":9920,"template":"","meta":[],"_links":{"self":[{"href":"https:\/\/tandemgarden.com\/es\/wp-json\/wp\/v2\/product\/9912"}],"collection":[{"href":"https:\/\/tandemgarden.com\/es\/wp-json\/wp\/v2\/product"}],"about":[{"href":"https:\/\/tandemgarden.com\/es\/wp-json\/wp\/v2\/types\/product"}],"wp:featuredmedia":[{"embeddable":true,"href":"https:\/\/tandemgarden.com\/es\/wp-json\/wp\/v2\/media\/9920"}],"wp:attachment":[{"href":"https:\/\/tandemgarden.com\/es\/wp-json\/wp\/v2\/media?parent=9912"}],"curies":[{"name":"wp","href":"https:\/\/api.w.org\/{rel}","templated":true}]}}