{"id":991,"date":"2020-11-15T08:31:05","date_gmt":"2020-11-15T08:37:22","guid":{"rendered":"https:\/\/tandemgarden.com?post_type=product&#038;p=991"},"modified":"2020-11-15T08:39:26","modified_gmt":"2020-11-15T08:39:26","slug":"malla-de-ocultacion-80","status":"publish","type":"product","link":"https:\/\/tandemgarden.com\/es\/producto\/malla-de-ocultacion-80\/","title":{"rendered":"Malla de ocultaci\u00f3n 80%"},"content":{"rendered":"","protected":false},"excerpt":{"rendered":"<p>Malla de ocultaci\u00f3n para la separaci\u00f3n de espacios de 90 gr\/m2 resistente al viento y tratada con UV del tipo profesional.<\/p>\n","protected":false},"featured_media":2606,"template":"","meta":[],"_links":{"self":[{"href":"https:\/\/tandemgarden.com\/es\/wp-json\/wp\/v2\/product\/991"}],"collection":[{"href":"https:\/\/tandemgarden.com\/es\/wp-json\/wp\/v2\/product"}],"about":[{"href":"https:\/\/tandemgarden.com\/es\/wp-json\/wp\/v2\/types\/product"}],"wp:featuredmedia":[{"embeddable":true,"href":"https:\/\/tandemgarden.com\/es\/wp-json\/wp\/v2\/media\/2606"}],"wp:attachment":[{"href":"https:\/\/tandemgarden.com\/es\/wp-json\/wp\/v2\/media?parent=991"}],"curies":[{"name":"wp","href":"https:\/\/api.w.org\/{rel}","templated":true}]}}