{"id":9896,"date":"2023-10-30T16:20:24","date_gmt":"2023-10-30T15:20:25","guid":{"rendered":"https:\/\/tandemgarden.com\/?post_type=product&#038;p=9896"},"modified":"2024-12-05T13:54:13","modified_gmt":"2024-12-05T12:54:13","slug":"colgante-bola-candy-6-cm","status":"publish","type":"product","link":"https:\/\/tandemgarden.com\/es\/producto\/colgante-bola-candy-6-cm\/","title":{"rendered":"Colgante bola Candy 6 cm"},"content":{"rendered":"","protected":false},"excerpt":{"rendered":"<p>Bola para \u00c1rbol de Navidad tem\u00e1tica de colores rojo o blanco, de 6 cm de di\u00e1metro<\/p>\n","protected":false},"featured_media":9902,"template":"","meta":[],"_links":{"self":[{"href":"https:\/\/tandemgarden.com\/es\/wp-json\/wp\/v2\/product\/9896"}],"collection":[{"href":"https:\/\/tandemgarden.com\/es\/wp-json\/wp\/v2\/product"}],"about":[{"href":"https:\/\/tandemgarden.com\/es\/wp-json\/wp\/v2\/types\/product"}],"wp:featuredmedia":[{"embeddable":true,"href":"https:\/\/tandemgarden.com\/es\/wp-json\/wp\/v2\/media\/9902"}],"wp:attachment":[{"href":"https:\/\/tandemgarden.com\/es\/wp-json\/wp\/v2\/media?parent=9896"}],"curies":[{"name":"wp","href":"https:\/\/api.w.org\/{rel}","templated":true}]}}