{"id":9843,"date":"2023-10-30T11:42:27","date_gmt":"2023-10-30T10:42:27","guid":{"rendered":"https:\/\/tandemgarden.com\/?post_type=product&#038;p=9843"},"modified":"2024-11-13T18:37:18","modified_gmt":"2024-11-13T17:37:18","slug":"arbol-artificial-mini-nevado-imperial","status":"publish","type":"product","link":"https:\/\/tandemgarden.com\/es\/producto\/arbol-artificial-mini-nevado-imperial\/","title":{"rendered":"\u00c1rbol artificial mini nevado IMPERIAL"},"content":{"rendered":"","protected":false},"excerpt":{"rendered":"<p>\u00c1rbol artificial Imperial, con hojas nevadas y medida mini, ideal para cualquier rinc\u00f3n. Pie cubierto con tela de saco y mide 75 cm de altura.<\/p>\n","protected":false},"featured_media":9845,"template":"","meta":[],"_links":{"self":[{"href":"https:\/\/tandemgarden.com\/es\/wp-json\/wp\/v2\/product\/9843"}],"collection":[{"href":"https:\/\/tandemgarden.com\/es\/wp-json\/wp\/v2\/product"}],"about":[{"href":"https:\/\/tandemgarden.com\/es\/wp-json\/wp\/v2\/types\/product"}],"wp:featuredmedia":[{"embeddable":true,"href":"https:\/\/tandemgarden.com\/es\/wp-json\/wp\/v2\/media\/9845"}],"wp:attachment":[{"href":"https:\/\/tandemgarden.com\/es\/wp-json\/wp\/v2\/media?parent=9843"}],"curies":[{"name":"wp","href":"https:\/\/api.w.org\/{rel}","templated":true}]}}