{"id":9530,"date":"2023-05-22T09:02:45","date_gmt":"2023-05-22T08:02:45","guid":{"rendered":"https:\/\/tandemgarden.com\/product\/rimini-autorriego-51\/"},"modified":"2023-05-22T09:02:45","modified_gmt":"2023-05-22T08:02:45","slug":"rimini-autorriego-51","status":"publish","type":"product","link":"https:\/\/tandemgarden.com\/es\/producto\/rimini-autorriego-51\/","title":{"rendered":"Rimini Autorriego 51"},"content":{"rendered":"","protected":false},"excerpt":{"rendered":"<p>Jardinera de l\u00edneas rectas de autorriego, dise\u00f1o contempor\u00e1neo y un acabado en color mate. Incluye indicador de nivel de agua y ruedas para facilitar el movimiento.<\/p>\n<p>Medidas: 51x20x20 cm<\/p>\n<p>Capacidad: 17L<\/p>\n","protected":false},"featured_media":9523,"template":"","meta":[],"_links":{"self":[{"href":"https:\/\/tandemgarden.com\/es\/wp-json\/wp\/v2\/product\/9530"}],"collection":[{"href":"https:\/\/tandemgarden.com\/es\/wp-json\/wp\/v2\/product"}],"about":[{"href":"https:\/\/tandemgarden.com\/es\/wp-json\/wp\/v2\/types\/product"}],"wp:featuredmedia":[{"embeddable":true,"href":"https:\/\/tandemgarden.com\/es\/wp-json\/wp\/v2\/media\/9523"}],"wp:attachment":[{"href":"https:\/\/tandemgarden.com\/es\/wp-json\/wp\/v2\/media?parent=9530"}],"curies":[{"name":"wp","href":"https:\/\/api.w.org\/{rel}","templated":true}]}}