{"id":9420,"date":"2023-04-10T11:33:21","date_gmt":"2023-04-10T10:33:21","guid":{"rendered":"https:\/\/tandemgarden.com\/?post_type=product&#038;p=9420"},"modified":"2026-04-07T21:44:20","modified_gmt":"2026-04-07T20:44:20","slug":"rosa-eterna-de-sant-jordi","status":"publish","type":"product","link":"https:\/\/tandemgarden.com\/es\/producto\/rosa-eterna-de-sant-jordi\/","title":{"rendered":"Rosa eterna de Sant Jordi"},"content":{"rendered":"","protected":false},"excerpt":{"rendered":"<p>Rosa preservada de Sant Jordi que incluye una base de madera y una proveta de cristal con una rosa roja y espiga catalana. Esta rosa es natural y se le aplica un tratamiento que hace que quede intacta para toda la vida. Incluye toda la decoraci\u00f3n que se ve en la fotograf\u00eda.<\/p>\n<p>Todos los productos de Sant Jordi incluyen el envoltorio de regalo. El env\u00edo se realizar\u00e1 el jueves 23 (D\u00eda de Sant Jordi) (para cualquier consulta puedes enviar un WhatsApp al 650 174 258).<\/p>\n<p>S\u00f3lo se efectuar\u00e1n env\u00edos en el d\u00eda de Sant Jordi en la zona del Vall\u00e8s Occidental.<\/p>\n","protected":false},"featured_media":10318,"template":"","meta":[],"_links":{"self":[{"href":"https:\/\/tandemgarden.com\/es\/wp-json\/wp\/v2\/product\/9420"}],"collection":[{"href":"https:\/\/tandemgarden.com\/es\/wp-json\/wp\/v2\/product"}],"about":[{"href":"https:\/\/tandemgarden.com\/es\/wp-json\/wp\/v2\/types\/product"}],"wp:featuredmedia":[{"embeddable":true,"href":"https:\/\/tandemgarden.com\/es\/wp-json\/wp\/v2\/media\/10318"}],"wp:attachment":[{"href":"https:\/\/tandemgarden.com\/es\/wp-json\/wp\/v2\/media?parent=9420"}],"curies":[{"name":"wp","href":"https:\/\/api.w.org\/{rel}","templated":true}]}}