{"id":9388,"date":"2023-04-10T09:36:05","date_gmt":"2023-04-10T08:36:05","guid":{"rendered":"https:\/\/tandemgarden.com\/?post_type=product&#038;p=9388"},"modified":"2026-04-07T21:29:53","modified_gmt":"2026-04-07T20:29:53","slug":"rosal-yute-de-sant-jordi","status":"publish","type":"product","link":"https:\/\/tandemgarden.com\/es\/producto\/rosal-yute-de-sant-jordi\/","title":{"rendered":"Rosal yute de Sant Jordi"},"content":{"rendered":"","protected":false},"excerpt":{"rendered":"<p>Rosal pitimini de Sant Jordi envuelto, en maceta de 12 cm de di\u00e1metro<\/p>\n<p>Todos los productos de Sant Jordi incluyen el envoltorio de regalo.<\/p>\n<p>El env\u00edo se realizar\u00e1 el jueves 23 (D\u00eda de Sant Jordi) (para cualquier consulta puedes enviar un WhatsApp al 650 174 258).<\/p>\n<p>S\u00f3lo se efectuar\u00e1n env\u00edos en el d\u00eda de Sant Jordi en la zona del Vall\u00e9s Occidental.<\/p>\n","protected":false},"featured_media":9390,"template":"","meta":[],"_links":{"self":[{"href":"https:\/\/tandemgarden.com\/es\/wp-json\/wp\/v2\/product\/9388"}],"collection":[{"href":"https:\/\/tandemgarden.com\/es\/wp-json\/wp\/v2\/product"}],"about":[{"href":"https:\/\/tandemgarden.com\/es\/wp-json\/wp\/v2\/types\/product"}],"wp:featuredmedia":[{"embeddable":true,"href":"https:\/\/tandemgarden.com\/es\/wp-json\/wp\/v2\/media\/9390"}],"wp:attachment":[{"href":"https:\/\/tandemgarden.com\/es\/wp-json\/wp\/v2\/media?parent=9388"}],"curies":[{"name":"wp","href":"https:\/\/api.w.org\/{rel}","templated":true}]}}