{"id":9358,"date":"2023-01-02T12:10:45","date_gmt":"2023-01-02T11:10:45","guid":{"rendered":"https:\/\/tandemgarden.com\/product\/guantes-fushia-rosales\/"},"modified":"2023-01-02T12:10:45","modified_gmt":"2023-01-02T11:10:45","slug":"guantes-fushia-rosales","status":"publish","type":"product","link":"https:\/\/tandemgarden.com\/es\/producto\/guantes-fushia-rosales\/","title":{"rendered":"Guantes Fushia rosales"},"content":{"rendered":"","protected":false},"excerpt":{"rendered":"<p>Guantes Fushia, ideales para no pincharse con los rosales. Son guantes de poliamida con algod\u00f3n sin costuras recubiertos con l\u00e1tex, resistentes a la abrasi\u00f3n.<\/p>\n<p>Disponibles en talla 7<\/p>\n","protected":false},"featured_media":9357,"template":"","meta":[],"_links":{"self":[{"href":"https:\/\/tandemgarden.com\/es\/wp-json\/wp\/v2\/product\/9358"}],"collection":[{"href":"https:\/\/tandemgarden.com\/es\/wp-json\/wp\/v2\/product"}],"about":[{"href":"https:\/\/tandemgarden.com\/es\/wp-json\/wp\/v2\/types\/product"}],"wp:featuredmedia":[{"embeddable":true,"href":"https:\/\/tandemgarden.com\/es\/wp-json\/wp\/v2\/media\/9357"}],"wp:attachment":[{"href":"https:\/\/tandemgarden.com\/es\/wp-json\/wp\/v2\/media?parent=9358"}],"curies":[{"name":"wp","href":"https:\/\/api.w.org\/{rel}","templated":true}]}}