{"id":9350,"date":"2023-01-02T12:02:12","date_gmt":"2023-01-02T11:02:12","guid":{"rendered":"https:\/\/tandemgarden.com\/product\/guantes-canada\/"},"modified":"2023-01-02T12:02:12","modified_gmt":"2023-01-02T11:02:12","slug":"guantes-canada","status":"publish","type":"product","link":"https:\/\/tandemgarden.com\/es\/producto\/guantes-canada\/","title":{"rendered":"Guantes Canada"},"content":{"rendered":"","protected":false},"excerpt":{"rendered":"<p>Guantes Canada, c\u00f3modos y calientes. Estan preparados para el uso de pantallas t\u00e1ctiles y son transpirables y repelentes al agua.<\/p>\n<p>Adem\u00e1s, ofrecen protecci\u00f3n contra el fr\u00edo prolongado en la mu\u00f1eca.<\/p>\n<p>Disponibles en talla 7<\/p>\n","protected":false},"featured_media":9349,"template":"","meta":[],"_links":{"self":[{"href":"https:\/\/tandemgarden.com\/es\/wp-json\/wp\/v2\/product\/9350"}],"collection":[{"href":"https:\/\/tandemgarden.com\/es\/wp-json\/wp\/v2\/product"}],"about":[{"href":"https:\/\/tandemgarden.com\/es\/wp-json\/wp\/v2\/types\/product"}],"wp:featuredmedia":[{"embeddable":true,"href":"https:\/\/tandemgarden.com\/es\/wp-json\/wp\/v2\/media\/9349"}],"wp:attachment":[{"href":"https:\/\/tandemgarden.com\/es\/wp-json\/wp\/v2\/media?parent=9350"}],"curies":[{"name":"wp","href":"https:\/\/api.w.org\/{rel}","templated":true}]}}