{"id":9322,"date":"2023-01-02T11:41:59","date_gmt":"2023-01-02T10:41:59","guid":{"rendered":"https:\/\/tandemgarden.com\/product\/guantes-maxipro\/"},"modified":"2023-01-02T11:41:59","modified_gmt":"2023-01-02T10:41:59","slug":"guantes-maxipro","status":"publish","type":"product","link":"https:\/\/tandemgarden.com\/es\/producto\/guantes-maxipro\/","title":{"rendered":"Guantes Maxipro"},"content":{"rendered":"","protected":false},"excerpt":{"rendered":"<p>Guantes Maxipro impermeables.<\/p>\n<p>Ofrecen resistencia a la abrasi\u00f3n y al rasgado. Resistente al agua y a las grasas. Ideales para todos los trabajos abrasivos y h\u00famedos: jardiner\u00eda, construcci\u00f3n, etc.<\/p>\n","protected":false},"featured_media":9319,"template":"","meta":[],"_links":{"self":[{"href":"https:\/\/tandemgarden.com\/es\/wp-json\/wp\/v2\/product\/9322"}],"collection":[{"href":"https:\/\/tandemgarden.com\/es\/wp-json\/wp\/v2\/product"}],"about":[{"href":"https:\/\/tandemgarden.com\/es\/wp-json\/wp\/v2\/types\/product"}],"wp:featuredmedia":[{"embeddable":true,"href":"https:\/\/tandemgarden.com\/es\/wp-json\/wp\/v2\/media\/9319"}],"wp:attachment":[{"href":"https:\/\/tandemgarden.com\/es\/wp-json\/wp\/v2\/media?parent=9322"}],"curies":[{"name":"wp","href":"https:\/\/api.w.org\/{rel}","templated":true}]}}