{"id":9106,"date":"2022-10-17T12:21:27","date_gmt":"2022-10-17T11:21:27","guid":{"rendered":"https:\/\/tandemgarden.com\/product\/arbol-para-jardin-con-luz-microled\/"},"modified":"2024-12-05T14:56:52","modified_gmt":"2024-12-05T13:56:52","slug":"arbol-para-jardin-con-luz-microled","status":"publish","type":"product","link":"https:\/\/tandemgarden.com\/es\/producto\/arbol-para-jardin-con-luz-microled\/","title":{"rendered":"\u00c1rbol para jard\u00edn con luz microLED"},"content":{"rendered":"","protected":false},"excerpt":{"rendered":"<p>\u00c1rbol de metal para jard\u00edn con 125 luces microLED, de color blanco c\u00e1lido, y de 32&#215;47 cm.<\/p>\n<p>Funciona con enchufe y es apto para interior y exterior<\/p>\n","protected":false},"featured_media":9105,"template":"","meta":[],"_links":{"self":[{"href":"https:\/\/tandemgarden.com\/es\/wp-json\/wp\/v2\/product\/9106"}],"collection":[{"href":"https:\/\/tandemgarden.com\/es\/wp-json\/wp\/v2\/product"}],"about":[{"href":"https:\/\/tandemgarden.com\/es\/wp-json\/wp\/v2\/types\/product"}],"wp:featuredmedia":[{"embeddable":true,"href":"https:\/\/tandemgarden.com\/es\/wp-json\/wp\/v2\/media\/9105"}],"wp:attachment":[{"href":"https:\/\/tandemgarden.com\/es\/wp-json\/wp\/v2\/media?parent=9106"}],"curies":[{"name":"wp","href":"https:\/\/api.w.org\/{rel}","templated":true}]}}