{"id":909,"date":"2020-11-14T18:24:50","date_gmt":"2020-11-15T17:40:39","guid":{"rendered":"https:\/\/tandemgarden.com?post_type=product&#038;p=909"},"modified":"2020-11-15T17:40:39","modified_gmt":"2020-11-15T17:40:39","slug":"carbon-pro","status":"publish","type":"product","link":"https:\/\/tandemgarden.com\/es\/producto\/carbon-pro\/","title":{"rendered":"Carbon PRO"},"content":{"rendered":"","protected":false},"excerpt":{"rendered":"<p>Ase con el combustible para cocci\u00f3n infrarroja original al utilizar la parrilla barbacoa de carb\u00f3n PRO de Napoleon. Esta parrilla barbacoa compacta le permite ahorrar espacio pero puede asar hasta 23 hamburguesas a la vez. Sabr\u00e1 que est\u00e1 usando un producto de Napoleon con las rejillas WAVE\u2122 ic\u00f3nicas que le permitir\u00e1n obtener esas marcas de sellado \u00fanicas. Las rejillas de hierro fundido porcel\u00e1nico, con bisagras y de f\u00e1cil acceso facilitan la adici\u00f3n de m\u00e1s carb\u00f3n o astillas de madera, mientras que los tres niveles de cocci\u00f3n y la administraci\u00f3n magistral del flujo de aire brindan un control preciso de la temperatura. El sistema de control de aire PRO mejorado aumenta la precisi\u00f3n del aire y la temperatura. Un difusor de calor de acero inoxidable grande eleva el carb\u00f3n del recipiente de la caldera, lo que permite que el calor se irradie uniformemente a trav\u00e9s de la parrilla, y dirige el carb\u00f3n usado hacia el recolector de cenizas. En el exterior, esta parrilla brilla. El cuerpo de acero con revestimiento de pintura en polvo encoge los elementos. La tapa cuenta con una bisagra que se abre y permite el acceso a toda la superficie de cocci\u00f3n mientras mantiene sus manos alejadas del calor.<\/p>\n","protected":false},"featured_media":2463,"template":"","meta":[],"_links":{"self":[{"href":"https:\/\/tandemgarden.com\/es\/wp-json\/wp\/v2\/product\/909"}],"collection":[{"href":"https:\/\/tandemgarden.com\/es\/wp-json\/wp\/v2\/product"}],"about":[{"href":"https:\/\/tandemgarden.com\/es\/wp-json\/wp\/v2\/types\/product"}],"wp:featuredmedia":[{"embeddable":true,"href":"https:\/\/tandemgarden.com\/es\/wp-json\/wp\/v2\/media\/2463"}],"wp:attachment":[{"href":"https:\/\/tandemgarden.com\/es\/wp-json\/wp\/v2\/media?parent=909"}],"curies":[{"name":"wp","href":"https:\/\/api.w.org\/{rel}","templated":true}]}}