{"id":9062,"date":"2022-10-17T10:35:20","date_gmt":"2022-10-17T09:35:20","guid":{"rendered":"https:\/\/tandemgarden.com\/product\/velas-pina-4-ud\/"},"modified":"2024-12-05T14:02:31","modified_gmt":"2024-12-05T13:02:31","slug":"velas-pina-4-ud","status":"publish","type":"product","link":"https:\/\/tandemgarden.com\/es\/producto\/velas-pina-4-ud\/","title":{"rendered":"Velas pi\u00f1a 4 ud"},"content":{"rendered":"","protected":false},"excerpt":{"rendered":"<p>Pack de 4 velas en forma de pi\u00f1a nevada de 3,5 cm de di\u00e1metro, a escoger entre dos colores.<\/p>\n","protected":false},"featured_media":9061,"template":"","meta":[],"_links":{"self":[{"href":"https:\/\/tandemgarden.com\/es\/wp-json\/wp\/v2\/product\/9062"}],"collection":[{"href":"https:\/\/tandemgarden.com\/es\/wp-json\/wp\/v2\/product"}],"about":[{"href":"https:\/\/tandemgarden.com\/es\/wp-json\/wp\/v2\/types\/product"}],"wp:featuredmedia":[{"embeddable":true,"href":"https:\/\/tandemgarden.com\/es\/wp-json\/wp\/v2\/media\/9061"}],"wp:attachment":[{"href":"https:\/\/tandemgarden.com\/es\/wp-json\/wp\/v2\/media?parent=9062"}],"curies":[{"name":"wp","href":"https:\/\/api.w.org\/{rel}","templated":true}]}}