{"id":8993,"date":"2022-10-11T14:16:27","date_gmt":"2022-10-11T13:16:27","guid":{"rendered":"https:\/\/tandemgarden.com\/product\/circulo-cascabeles\/"},"modified":"2024-12-05T13:58:06","modified_gmt":"2024-12-05T12:58:06","slug":"circulo-cascabeles","status":"publish","type":"product","link":"https:\/\/tandemgarden.com\/es\/producto\/circulo-cascabeles\/","title":{"rendered":"C\u00edrculo cascabeles"},"content":{"rendered":"","protected":false},"excerpt":{"rendered":"<p>Colgante en forma de c\u00edrculo formado por cascabeles rojos, de 10 cm de di\u00e1metro<\/p>\n","protected":false},"featured_media":8992,"template":"","meta":[],"_links":{"self":[{"href":"https:\/\/tandemgarden.com\/es\/wp-json\/wp\/v2\/product\/8993"}],"collection":[{"href":"https:\/\/tandemgarden.com\/es\/wp-json\/wp\/v2\/product"}],"about":[{"href":"https:\/\/tandemgarden.com\/es\/wp-json\/wp\/v2\/types\/product"}],"wp:featuredmedia":[{"embeddable":true,"href":"https:\/\/tandemgarden.com\/es\/wp-json\/wp\/v2\/media\/8992"}],"wp:attachment":[{"href":"https:\/\/tandemgarden.com\/es\/wp-json\/wp\/v2\/media?parent=8993"}],"curies":[{"name":"wp","href":"https:\/\/api.w.org\/{rel}","templated":true}]}}