{"id":893,"date":"2020-11-14T17:59:34","date_gmt":"2020-11-15T17:43:51","guid":{"rendered":"https:\/\/tandemgarden.com?post_type=product&#038;p=893"},"modified":"2020-11-15T17:43:52","modified_gmt":"2020-11-15T17:43:52","slug":"raticida-interiores-y-despensas-pasta","status":"publish","type":"product","link":"https:\/\/tandemgarden.com\/es\/producto\/raticida-interiores-y-despensas-pasta\/","title":{"rendered":"Raticida interiores y despensas (pasta)"},"content":{"rendered":"","protected":false},"excerpt":{"rendered":"<p>Cebo en forma de pasta (10 dosis) por el control del rat\u00f3n com\u00fan y la rata, que contiene el anticoagulante Brodifacoum, activo con una sola ingesti\u00f3n.<\/p>\n","protected":false},"featured_media":4763,"template":"","meta":[],"_links":{"self":[{"href":"https:\/\/tandemgarden.com\/es\/wp-json\/wp\/v2\/product\/893"}],"collection":[{"href":"https:\/\/tandemgarden.com\/es\/wp-json\/wp\/v2\/product"}],"about":[{"href":"https:\/\/tandemgarden.com\/es\/wp-json\/wp\/v2\/types\/product"}],"wp:featuredmedia":[{"embeddable":true,"href":"https:\/\/tandemgarden.com\/es\/wp-json\/wp\/v2\/media\/4763"}],"wp:attachment":[{"href":"https:\/\/tandemgarden.com\/es\/wp-json\/wp\/v2\/media?parent=893"}],"curies":[{"name":"wp","href":"https:\/\/api.w.org\/{rel}","templated":true}]}}