{"id":889,"date":"2020-11-14T17:57:02","date_gmt":"2020-11-15T17:44:44","guid":{"rendered":"https:\/\/tandemgarden.com?post_type=product&#038;p=889"},"modified":"2020-11-15T17:44:44","modified_gmt":"2020-11-15T17:44:44","slug":"raticida-zonas-humedas-bloque","status":"publish","type":"product","link":"https:\/\/tandemgarden.com\/es\/producto\/raticida-zonas-humedas-bloque\/","title":{"rendered":"Raticida zonas h\u00famedas (bloque)"},"content":{"rendered":"","protected":false},"excerpt":{"rendered":"<p>Cebo en forma de bloque (15 dosis) por el control del rat\u00f3n com\u00fan y la rata, que contiene el anticoagulante Brodifacoum, activo con una sola ingesti\u00f3n.<\/p>\n","protected":false},"featured_media":4765,"template":"","meta":[],"_links":{"self":[{"href":"https:\/\/tandemgarden.com\/es\/wp-json\/wp\/v2\/product\/889"}],"collection":[{"href":"https:\/\/tandemgarden.com\/es\/wp-json\/wp\/v2\/product"}],"about":[{"href":"https:\/\/tandemgarden.com\/es\/wp-json\/wp\/v2\/types\/product"}],"wp:featuredmedia":[{"embeddable":true,"href":"https:\/\/tandemgarden.com\/es\/wp-json\/wp\/v2\/media\/4765"}],"wp:attachment":[{"href":"https:\/\/tandemgarden.com\/es\/wp-json\/wp\/v2\/media?parent=889"}],"curies":[{"name":"wp","href":"https:\/\/api.w.org\/{rel}","templated":true}]}}