{"id":885,"date":"2020-11-14T17:53:48","date_gmt":"2020-11-15T17:45:12","guid":{"rendered":"https:\/\/tandemgarden.com?post_type=product&#038;p=885"},"modified":"2020-11-15T17:45:13","modified_gmt":"2020-11-15T17:45:13","slug":"raticida-zonas-secas-cereal","status":"publish","type":"product","link":"https:\/\/tandemgarden.com\/es\/producto\/raticida-zonas-secas-cereal\/","title":{"rendered":"Raticida zonas secas (cereal)"},"content":{"rendered":"","protected":false},"excerpt":{"rendered":"<p>Cebo en forma de granulado cereal (3 dosis) para el control del rat\u00f3n com\u00fan y la rata, que contiene el anticoagulante Brodifacoum, activo con una sola ingesti\u00f3n.<\/p>\n","protected":false},"featured_media":4767,"template":"","meta":[],"_links":{"self":[{"href":"https:\/\/tandemgarden.com\/es\/wp-json\/wp\/v2\/product\/885"}],"collection":[{"href":"https:\/\/tandemgarden.com\/es\/wp-json\/wp\/v2\/product"}],"about":[{"href":"https:\/\/tandemgarden.com\/es\/wp-json\/wp\/v2\/types\/product"}],"wp:featuredmedia":[{"embeddable":true,"href":"https:\/\/tandemgarden.com\/es\/wp-json\/wp\/v2\/media\/4767"}],"wp:attachment":[{"href":"https:\/\/tandemgarden.com\/es\/wp-json\/wp\/v2\/media?parent=885"}],"curies":[{"name":"wp","href":"https:\/\/api.w.org\/{rel}","templated":true}]}}