{"id":8819,"date":"2022-10-10T14:26:37","date_gmt":"2022-10-10T13:26:37","guid":{"rendered":"https:\/\/tandemgarden.com\/product\/base-per-arbol-artificial-de-mimbre\/"},"modified":"2024-12-05T11:23:43","modified_gmt":"2024-12-05T10:23:43","slug":"base-per-arbol-artificial-de-mimbre","status":"publish","type":"product","link":"https:\/\/tandemgarden.com\/es\/producto\/base-per-arbol-artificial-de-mimbre\/","title":{"rendered":"Base per \u00e1rbol artificial de mimbre"},"content":{"rendered":"","protected":false},"excerpt":{"rendered":"<p>Base para \u00e1rboles artificiales de mimbre e interior met\u00e1lico<\/p>\n","protected":false},"featured_media":10558,"template":"","meta":[],"_links":{"self":[{"href":"https:\/\/tandemgarden.com\/es\/wp-json\/wp\/v2\/product\/8819"}],"collection":[{"href":"https:\/\/tandemgarden.com\/es\/wp-json\/wp\/v2\/product"}],"about":[{"href":"https:\/\/tandemgarden.com\/es\/wp-json\/wp\/v2\/types\/product"}],"wp:featuredmedia":[{"embeddable":true,"href":"https:\/\/tandemgarden.com\/es\/wp-json\/wp\/v2\/media\/10558"}],"wp:attachment":[{"href":"https:\/\/tandemgarden.com\/es\/wp-json\/wp\/v2\/media?parent=8819"}],"curies":[{"name":"wp","href":"https:\/\/api.w.org\/{rel}","templated":true}]}}