{"id":8786,"date":"2022-10-05T17:52:39","date_gmt":"2022-10-08T14:12:16","guid":{"rendered":"https:\/\/tandemgarden.com\/?post_type=product&#038;p=8786"},"modified":"2024-11-13T18:34:54","modified_gmt":"2024-11-13T17:34:54","slug":"arbol-artificial-vancouver","status":"publish","type":"product","link":"https:\/\/tandemgarden.com\/es\/producto\/arbol-artificial-vancouver\/","title":{"rendered":"\u00c1rbol artificial VANCOUVER"},"content":{"rendered":"","protected":false},"excerpt":{"rendered":"<p>\u00c1rbol artificial Vancouver nevado con hojas blancas, simulando un \u00e1rbol completamente nevado y muy tupido. De f\u00e1cil montaje!<\/p>\n","protected":false},"featured_media":8785,"template":"","meta":[],"_links":{"self":[{"href":"https:\/\/tandemgarden.com\/es\/wp-json\/wp\/v2\/product\/8786"}],"collection":[{"href":"https:\/\/tandemgarden.com\/es\/wp-json\/wp\/v2\/product"}],"about":[{"href":"https:\/\/tandemgarden.com\/es\/wp-json\/wp\/v2\/types\/product"}],"wp:featuredmedia":[{"embeddable":true,"href":"https:\/\/tandemgarden.com\/es\/wp-json\/wp\/v2\/media\/8785"}],"wp:attachment":[{"href":"https:\/\/tandemgarden.com\/es\/wp-json\/wp\/v2\/media?parent=8786"}],"curies":[{"name":"wp","href":"https:\/\/api.w.org\/{rel}","templated":true}]}}