{"id":877,"date":"2020-11-14T17:48:41","date_gmt":"2020-11-15T17:46:29","guid":{"rendered":"https:\/\/tandemgarden.com?post_type=product&#038;p=877"},"modified":"2020-11-15T17:46:30","modified_gmt":"2020-11-15T17:46:30","slug":"spray-abrillantador-de-hojas","status":"publish","type":"product","link":"https:\/\/tandemgarden.com\/es\/producto\/spray-abrillantador-de-hojas\/","title":{"rendered":"Spray abrillantador de hojas"},"content":{"rendered":"","protected":false},"excerpt":{"rendered":"<p>Proporciona un brillo natural y uniforme a las partes verdes de la planta, as\u00ed mismo realza sus colores, elimina las manchas de cal y act\u00faa como antiest\u00e1tico repelente del polvo. No obstruye los poros de la planta y las hojas pueden transpirar.<\/p>\n","protected":false},"featured_media":7747,"template":"","meta":[],"_links":{"self":[{"href":"https:\/\/tandemgarden.com\/es\/wp-json\/wp\/v2\/product\/877"}],"collection":[{"href":"https:\/\/tandemgarden.com\/es\/wp-json\/wp\/v2\/product"}],"about":[{"href":"https:\/\/tandemgarden.com\/es\/wp-json\/wp\/v2\/types\/product"}],"wp:featuredmedia":[{"embeddable":true,"href":"https:\/\/tandemgarden.com\/es\/wp-json\/wp\/v2\/media\/7747"}],"wp:attachment":[{"href":"https:\/\/tandemgarden.com\/es\/wp-json\/wp\/v2\/media?parent=877"}],"curies":[{"name":"wp","href":"https:\/\/api.w.org\/{rel}","templated":true}]}}