{"id":873,"date":"2020-11-14T17:45:50","date_gmt":"2020-11-15T17:47:00","guid":{"rendered":"https:\/\/tandemgarden.com?post_type=product&#038;p=873"},"modified":"2020-11-15T17:47:01","modified_gmt":"2020-11-15T17:47:01","slug":"enraizante-en-polvo","status":"publish","type":"product","link":"https:\/\/tandemgarden.com\/es\/producto\/enraizante-en-polvo\/","title":{"rendered":"Enraizante en polvo"},"content":{"rendered":"","protected":false},"excerpt":{"rendered":"<p>Producto org\u00e1nico fabricado a base de algas marinas que estimulan el crecimiento radicular de plantas j\u00f3venes y esquejes. Activa y acelera el crecimiento de las ra\u00edces para hacerlas m\u00e1s fuertes y profundas en un breve periodo de tiempo.<\/p>\n","protected":false},"featured_media":2657,"template":"","meta":[],"_links":{"self":[{"href":"https:\/\/tandemgarden.com\/es\/wp-json\/wp\/v2\/product\/873"}],"collection":[{"href":"https:\/\/tandemgarden.com\/es\/wp-json\/wp\/v2\/product"}],"about":[{"href":"https:\/\/tandemgarden.com\/es\/wp-json\/wp\/v2\/types\/product"}],"wp:featuredmedia":[{"embeddable":true,"href":"https:\/\/tandemgarden.com\/es\/wp-json\/wp\/v2\/media\/2657"}],"wp:attachment":[{"href":"https:\/\/tandemgarden.com\/es\/wp-json\/wp\/v2\/media?parent=873"}],"curies":[{"name":"wp","href":"https:\/\/api.w.org\/{rel}","templated":true}]}}