{"id":8704,"date":"2022-07-29T19:04:13","date_gmt":"2022-07-29T18:04:13","guid":{"rendered":"https:\/\/tandemgarden.com\/product\/alfombra-tania\/"},"modified":"2025-02-18T10:55:50","modified_gmt":"2025-02-18T09:55:50","slug":"alfombra-tania","status":"publish","type":"product","link":"https:\/\/tandemgarden.com\/es\/producto\/alfombra-tania\/","title":{"rendered":"Alfombra Tania"},"content":{"rendered":"","protected":false},"excerpt":{"rendered":"<p>Alfombra de 180\u00d7120\u00d71 cm, de algod\u00f3n. Disponible en dos colores.<\/p>\n","protected":false},"featured_media":8701,"template":"","meta":[],"_links":{"self":[{"href":"https:\/\/tandemgarden.com\/es\/wp-json\/wp\/v2\/product\/8704"}],"collection":[{"href":"https:\/\/tandemgarden.com\/es\/wp-json\/wp\/v2\/product"}],"about":[{"href":"https:\/\/tandemgarden.com\/es\/wp-json\/wp\/v2\/types\/product"}],"wp:featuredmedia":[{"embeddable":true,"href":"https:\/\/tandemgarden.com\/es\/wp-json\/wp\/v2\/media\/8701"}],"wp:attachment":[{"href":"https:\/\/tandemgarden.com\/es\/wp-json\/wp\/v2\/media?parent=8704"}],"curies":[{"name":"wp","href":"https:\/\/api.w.org\/{rel}","templated":true}]}}