{"id":849,"date":"2020-11-14T17:30:10","date_gmt":"2020-11-15T17:53:30","guid":{"rendered":"https:\/\/tandemgarden.com?post_type=product&#038;p=849"},"modified":"2020-11-15T17:53:30","modified_gmt":"2020-11-15T17:53:30","slug":"insecticida-aceite-mineral-liquido-concentrado","status":"publish","type":"product","link":"https:\/\/tandemgarden.com\/es\/producto\/insecticida-aceite-mineral-liquido-concentrado\/","title":{"rendered":"Insecticida aceite mineral l\u00edquido concentrado"},"content":{"rendered":"","protected":false},"excerpt":{"rendered":"<p>Es un insecticida concentrado que deja sobre los \u00e1rboles tratados una fina pel\u00edcula protectora y su persistencia asegura una eficacia prolongada. Act\u00faa por asfixia y eficaz contra huevos de insectos, insectos adultos y \u00e1caros. Indicado para \u00e1rboles y arbustos.<\/p>\n","protected":false},"featured_media":9541,"template":"","meta":[],"_links":{"self":[{"href":"https:\/\/tandemgarden.com\/es\/wp-json\/wp\/v2\/product\/849"}],"collection":[{"href":"https:\/\/tandemgarden.com\/es\/wp-json\/wp\/v2\/product"}],"about":[{"href":"https:\/\/tandemgarden.com\/es\/wp-json\/wp\/v2\/types\/product"}],"wp:featuredmedia":[{"embeddable":true,"href":"https:\/\/tandemgarden.com\/es\/wp-json\/wp\/v2\/media\/9541"}],"wp:attachment":[{"href":"https:\/\/tandemgarden.com\/es\/wp-json\/wp\/v2\/media?parent=849"}],"curies":[{"name":"wp","href":"https:\/\/api.w.org\/{rel}","templated":true}]}}