{"id":845,"date":"2020-11-14T17:27:33","date_gmt":"2020-11-15T17:53:58","guid":{"rendered":"https:\/\/tandemgarden.com?post_type=product&#038;p=845"},"modified":"2020-11-15T17:53:59","modified_gmt":"2020-11-15T17:53:59","slug":"gel-anti-hormigas","status":"publish","type":"product","link":"https:\/\/tandemgarden.com\/es\/producto\/gel-anti-hormigas\/","title":{"rendered":"Gel anti hormigas"},"content":{"rendered":"","protected":false},"excerpt":{"rendered":"<p>Jeringa que contiene esqueje para hormigas a base de az\u00facares y prote\u00ednas para eliminar cualquier tipo de hormiga en el hogar. El m\u00e9todo de actuaci\u00f3n extingue la hormiga reina por ingesti\u00f3n, de forma que se extermina la colonia entera.<\/p>\n","protected":false},"featured_media":2739,"template":"","meta":[],"_links":{"self":[{"href":"https:\/\/tandemgarden.com\/es\/wp-json\/wp\/v2\/product\/845"}],"collection":[{"href":"https:\/\/tandemgarden.com\/es\/wp-json\/wp\/v2\/product"}],"about":[{"href":"https:\/\/tandemgarden.com\/es\/wp-json\/wp\/v2\/types\/product"}],"wp:featuredmedia":[{"embeddable":true,"href":"https:\/\/tandemgarden.com\/es\/wp-json\/wp\/v2\/media\/2739"}],"wp:attachment":[{"href":"https:\/\/tandemgarden.com\/es\/wp-json\/wp\/v2\/media?parent=845"}],"curies":[{"name":"wp","href":"https:\/\/api.w.org\/{rel}","templated":true}]}}