{"id":841,"date":"2020-11-14T17:24:55","date_gmt":"2020-11-15T17:54:24","guid":{"rendered":"https:\/\/tandemgarden.com?post_type=product&#038;p=841"},"modified":"2021-11-11T10:37:40","modified_gmt":"2021-11-11T09:37:40","slug":"antimusgo-granulado","status":"publish","type":"product","link":"https:\/\/tandemgarden.com\/es\/producto\/antimusgo-granulado\/","title":{"rendered":"Antimusgo granulado"},"content":{"rendered":"","protected":false},"excerpt":{"rendered":"<p>Dise\u00f1ado especialmente para eliminar de forma r\u00e1pida y radical el musgo y l\u00edquenes que crecen entre el c\u00e9sped en las zonas m\u00e1s sombreadas y h\u00famedas. Tambi\u00e9n tiene efecto verdeante, evitando el amarillamiento y activando el crecimiento del c\u00e9sped.<\/p>\n","protected":false},"featured_media":7749,"template":"","meta":[],"_links":{"self":[{"href":"https:\/\/tandemgarden.com\/es\/wp-json\/wp\/v2\/product\/841"}],"collection":[{"href":"https:\/\/tandemgarden.com\/es\/wp-json\/wp\/v2\/product"}],"about":[{"href":"https:\/\/tandemgarden.com\/es\/wp-json\/wp\/v2\/types\/product"}],"wp:featuredmedia":[{"embeddable":true,"href":"https:\/\/tandemgarden.com\/es\/wp-json\/wp\/v2\/media\/7749"}],"wp:attachment":[{"href":"https:\/\/tandemgarden.com\/es\/wp-json\/wp\/v2\/media?parent=841"}],"curies":[{"name":"wp","href":"https:\/\/api.w.org\/{rel}","templated":true}]}}