{"id":829,"date":"2020-11-14T17:13:07","date_gmt":"2020-11-15T17:57:04","guid":{"rendered":"https:\/\/tandemgarden.com?post_type=product&#038;p=829"},"modified":"2023-05-22T09:34:32","modified_gmt":"2023-05-22T08:34:32","slug":"repelente-de-aves-granulado","status":"publish","type":"product","link":"https:\/\/tandemgarden.com\/es\/producto\/repelente-de-aves-granulado\/","title":{"rendered":"Repelente de aves granulado"},"content":{"rendered":"","protected":false},"excerpt":{"rendered":"<p>Repelente de aves que act\u00faa afectando el sistema nervioso y visual de los animales. Indicado para la protecci\u00f3n contra aves urbanas, del campo y el huerto. Es una combinaci\u00f3n de extractos y esencias naturales que se presenta en bolsas microperforadas de 25 g cada una, de larga duraci\u00f3n y resistentes al agua.<\/p>\n","protected":false},"featured_media":2820,"template":"","meta":[],"_links":{"self":[{"href":"https:\/\/tandemgarden.com\/es\/wp-json\/wp\/v2\/product\/829"}],"collection":[{"href":"https:\/\/tandemgarden.com\/es\/wp-json\/wp\/v2\/product"}],"about":[{"href":"https:\/\/tandemgarden.com\/es\/wp-json\/wp\/v2\/types\/product"}],"wp:featuredmedia":[{"embeddable":true,"href":"https:\/\/tandemgarden.com\/es\/wp-json\/wp\/v2\/media\/2820"}],"wp:attachment":[{"href":"https:\/\/tandemgarden.com\/es\/wp-json\/wp\/v2\/media?parent=829"}],"curies":[{"name":"wp","href":"https:\/\/api.w.org\/{rel}","templated":true}]}}