{"id":825,"date":"2020-11-14T17:09:40","date_gmt":"2020-11-15T17:58:20","guid":{"rendered":"https:\/\/tandemgarden.com?post_type=product&#038;p=825"},"modified":"2020-11-15T17:58:21","modified_gmt":"2020-11-15T17:58:21","slug":"fungicida-coniferas-en-polvo","status":"publish","type":"product","link":"https:\/\/tandemgarden.com\/es\/producto\/fungicida-coniferas-en-polvo\/","title":{"rendered":"Fungicida con\u00edferas en polvo"},"content":{"rendered":"","protected":false},"excerpt":{"rendered":"<p>Fungicida preventivo y curativo con gran efecto sist\u00e9mico, tanto ascendente como descendente. Indicado para el control de fit\u00f3ftora en con\u00edferas, Pytium en el c\u00e9sped, gomosa los c\u00edtricos y Mildiu de la vid.<\/p>\n","protected":false},"featured_media":2733,"template":"","meta":[],"_links":{"self":[{"href":"https:\/\/tandemgarden.com\/es\/wp-json\/wp\/v2\/product\/825"}],"collection":[{"href":"https:\/\/tandemgarden.com\/es\/wp-json\/wp\/v2\/product"}],"about":[{"href":"https:\/\/tandemgarden.com\/es\/wp-json\/wp\/v2\/types\/product"}],"wp:featuredmedia":[{"embeddable":true,"href":"https:\/\/tandemgarden.com\/es\/wp-json\/wp\/v2\/media\/2733"}],"wp:attachment":[{"href":"https:\/\/tandemgarden.com\/es\/wp-json\/wp\/v2\/media?parent=825"}],"curies":[{"name":"wp","href":"https:\/\/api.w.org\/{rel}","templated":true}]}}