{"id":8005,"date":"2022-04-06T11:56:45","date_gmt":"2022-04-06T10:56:45","guid":{"rendered":"https:\/\/tandemgarden.com\/product\/ramo-de-sant-jordi\/"},"modified":"2026-04-07T21:26:55","modified_gmt":"2026-04-07T20:26:55","slug":"ramo-de-sant-jordi","status":"publish","type":"product","link":"https:\/\/tandemgarden.com\/es\/producto\/ramo-de-sant-jordi\/","title":{"rendered":"Ramo de Sant Jordi"},"content":{"rendered":"","protected":false},"excerpt":{"rendered":"<p>Ramo de Sant Jordi de rosas rojas. Incluye toda la decoraci\u00f3n floral y espigas que se ven en la fotograf\u00eda.<\/p>\n<p>Todos los productos de Sant Jordi incluyen el envoltorio de regalo. El env\u00edo se realizar\u00e1 el jueves 23 (D\u00eda de Sant Jordi) (para cualquier consulta puedes enviar un WhatsApp al 650 174 258).<\/p>\n<p>S\u00f3lo se efectuar\u00e1n env\u00edos durante el d\u00eda de Sant Jordi en el Vall\u00e9s Occidental.<\/p>\n","protected":false},"featured_media":12458,"template":"","meta":[],"_links":{"self":[{"href":"https:\/\/tandemgarden.com\/es\/wp-json\/wp\/v2\/product\/8005"}],"collection":[{"href":"https:\/\/tandemgarden.com\/es\/wp-json\/wp\/v2\/product"}],"about":[{"href":"https:\/\/tandemgarden.com\/es\/wp-json\/wp\/v2\/types\/product"}],"wp:featuredmedia":[{"embeddable":true,"href":"https:\/\/tandemgarden.com\/es\/wp-json\/wp\/v2\/media\/12458"}],"wp:attachment":[{"href":"https:\/\/tandemgarden.com\/es\/wp-json\/wp\/v2\/media?parent=8005"}],"curies":[{"name":"wp","href":"https:\/\/api.w.org\/{rel}","templated":true}]}}