{"id":797,"date":"2020-11-14T16:47:29","date_gmt":"2020-11-15T18:05:21","guid":{"rendered":"https:\/\/tandemgarden.com?post_type=product&#038;p=797"},"modified":"2022-12-27T18:41:00","modified_gmt":"2022-12-27T17:41:00","slug":"spruzit","status":"publish","type":"product","link":"https:\/\/tandemgarden.com\/es\/producto\/spruzit\/","title":{"rendered":"Spruzit"},"content":{"rendered":"","protected":false},"excerpt":{"rendered":"<p>Tratamiento insecticida &#8211; acaricida concentrado que elimina huevos, larvas y adultos de pulg\u00f3n, mosca blanca, cicad\u00e9licos, orugas y ara\u00f1a roja con sustancias provenientes de las flores del crisantemo y aceite de Colza. Las materias activas vegetales se desgraden r\u00e1pidamente a la naturaleza y no da\u00f1a a las abejas.<\/p>\n","protected":false},"featured_media":2749,"template":"","meta":[],"_links":{"self":[{"href":"https:\/\/tandemgarden.com\/es\/wp-json\/wp\/v2\/product\/797"}],"collection":[{"href":"https:\/\/tandemgarden.com\/es\/wp-json\/wp\/v2\/product"}],"about":[{"href":"https:\/\/tandemgarden.com\/es\/wp-json\/wp\/v2\/types\/product"}],"wp:featuredmedia":[{"embeddable":true,"href":"https:\/\/tandemgarden.com\/es\/wp-json\/wp\/v2\/media\/2749"}],"wp:attachment":[{"href":"https:\/\/tandemgarden.com\/es\/wp-json\/wp\/v2\/media?parent=797"}],"curies":[{"name":"wp","href":"https:\/\/api.w.org\/{rel}","templated":true}]}}