{"id":792,"date":"2020-11-14T16:43:27","date_gmt":"2020-11-15T18:06:02","guid":{"rendered":"https:\/\/tandemgarden.com?post_type=product&#038;p=792"},"modified":"2022-12-27T18:41:39","modified_gmt":"2022-12-27T17:41:39","slug":"anti-pulgon","status":"publish","type":"product","link":"https:\/\/tandemgarden.com\/es\/producto\/anti-pulgon\/","title":{"rendered":"Anti pulg\u00f3n"},"content":{"rendered":"","protected":false},"excerpt":{"rendered":"<p>Insecticida anti-pulg\u00f3n preparado que elimina huevos, larvas y adultos de pulg\u00f3n con sustancias provenientes de las flores del crisantemo y aceite de Colza. Las materias activas vegetales se desgraden r\u00e1pidamente a la naturaleza y no da\u00f1a a las abejas.<\/p>\n","protected":false},"featured_media":2647,"template":"","meta":[],"_links":{"self":[{"href":"https:\/\/tandemgarden.com\/es\/wp-json\/wp\/v2\/product\/792"}],"collection":[{"href":"https:\/\/tandemgarden.com\/es\/wp-json\/wp\/v2\/product"}],"about":[{"href":"https:\/\/tandemgarden.com\/es\/wp-json\/wp\/v2\/types\/product"}],"wp:featuredmedia":[{"embeddable":true,"href":"https:\/\/tandemgarden.com\/es\/wp-json\/wp\/v2\/media\/2647"}],"wp:attachment":[{"href":"https:\/\/tandemgarden.com\/es\/wp-json\/wp\/v2\/media?parent=792"}],"curies":[{"name":"wp","href":"https:\/\/api.w.org\/{rel}","templated":true}]}}