{"id":7873,"date":"2021-12-24T21:02:03","date_gmt":"2021-12-24T20:02:03","guid":{"rendered":"https:\/\/tandemgarden.com\/product\/balconera-color-80-lechuza\/"},"modified":"2023-05-22T08:52:28","modified_gmt":"2023-05-22T07:52:28","slug":"balconera-color-80-lechuza","status":"publish","type":"product","link":"https:\/\/tandemgarden.com\/es\/producto\/balconera-color-80-lechuza\/","title":{"rendered":"Balconera Color 80 Lechuza"},"content":{"rendered":"","protected":false},"excerpt":{"rendered":"<p>La Balconera Color 80 de Lechuza es la forma m\u00e1s f\u00e1cil de poner plantas en tu balc\u00f3n o terraza. Este modelo, de 79 cm de longitud, incluye dos cubetas cambiables que hacen todav\u00eda m\u00e1s c\u00f3modo el trasplante de las plantas.<\/p>\n<p>Con el sistema de autorriego de m\u00e1xima calidad de Lechuza podr\u00e1s dejar en buenas manos tus plantas!<\/p>\n<p>Estas jardineras tienen una capacidad de 5L de agua de reserva y de 12L de tierra.<\/p>\n","protected":false},"featured_media":7866,"template":"","meta":[],"_links":{"self":[{"href":"https:\/\/tandemgarden.com\/es\/wp-json\/wp\/v2\/product\/7873"}],"collection":[{"href":"https:\/\/tandemgarden.com\/es\/wp-json\/wp\/v2\/product"}],"about":[{"href":"https:\/\/tandemgarden.com\/es\/wp-json\/wp\/v2\/types\/product"}],"wp:featuredmedia":[{"embeddable":true,"href":"https:\/\/tandemgarden.com\/es\/wp-json\/wp\/v2\/media\/7866"}],"wp:attachment":[{"href":"https:\/\/tandemgarden.com\/es\/wp-json\/wp\/v2\/media?parent=7873"}],"curies":[{"name":"wp","href":"https:\/\/api.w.org\/{rel}","templated":true}]}}