{"id":786,"date":"2020-11-14T16:37:33","date_gmt":"2020-11-14T16:37:33","guid":{"rendered":"https:\/\/tandemgarden.com\/product\/compo-citricos-y-huerto-urbano\/"},"modified":"2020-11-14T16:37:33","modified_gmt":"2020-11-14T16:37:33","slug":"compo-citricos-y-huerto-urbano","status":"publish","type":"product","link":"https:\/\/tandemgarden.com\/es\/producto\/compo-citricos-y-huerto-urbano\/","title":{"rendered":"Compo c\u00edtricos y huerto urbano"},"content":{"rendered":"","protected":false},"excerpt":{"rendered":"<p>Sustrato que potencia el sabor y el aroma de los c\u00edtricos, apto para la agricultura ecol\u00f3gica. Es id\u00f3neo para plantaci\u00f3n de todo tipo de plantas mediterr\u00e1neas como los c\u00edtricos y olivos. Contiene turba, arcilla, compuesto vegetal, cal, guano y elementos nutrientes. pH 5,0 a 6,5, 100-400 mg\/l nitr\u00f3geno soluble, 150-500 mg\/l f\u00f3sforo y 400-900 mg\/l \u00f3xido de potasio.<\/p>\n","protected":false},"featured_media":2296,"template":"","meta":[],"_links":{"self":[{"href":"https:\/\/tandemgarden.com\/es\/wp-json\/wp\/v2\/product\/786"}],"collection":[{"href":"https:\/\/tandemgarden.com\/es\/wp-json\/wp\/v2\/product"}],"about":[{"href":"https:\/\/tandemgarden.com\/es\/wp-json\/wp\/v2\/types\/product"}],"wp:featuredmedia":[{"embeddable":true,"href":"https:\/\/tandemgarden.com\/es\/wp-json\/wp\/v2\/media\/2296"}],"wp:attachment":[{"href":"https:\/\/tandemgarden.com\/es\/wp-json\/wp\/v2\/media?parent=786"}],"curies":[{"name":"wp","href":"https:\/\/api.w.org\/{rel}","templated":true}]}}