{"id":777,"date":"2020-11-14T16:35:41","date_gmt":"2020-11-15T18:08:28","guid":{"rendered":"https:\/\/tandemgarden.com?post_type=product&#038;p=777"},"modified":"2020-11-15T18:08:28","modified_gmt":"2020-11-15T18:08:28","slug":"anti-hormigas-liquido","status":"publish","type":"product","link":"https:\/\/tandemgarden.com\/es\/producto\/anti-hormigas-liquido\/","title":{"rendered":"Anti hormigas l\u00edquido"},"content":{"rendered":"","protected":false},"excerpt":{"rendered":"<p>Tratamiento l\u00edquido preparado anti-hormigas para el interior y exterior de su casa. Tambi\u00e9n es apto para cucarachas, chinches y pulgas.<\/p>\n","protected":false},"featured_media":2639,"template":"","meta":[],"_links":{"self":[{"href":"https:\/\/tandemgarden.com\/es\/wp-json\/wp\/v2\/product\/777"}],"collection":[{"href":"https:\/\/tandemgarden.com\/es\/wp-json\/wp\/v2\/product"}],"about":[{"href":"https:\/\/tandemgarden.com\/es\/wp-json\/wp\/v2\/types\/product"}],"wp:featuredmedia":[{"embeddable":true,"href":"https:\/\/tandemgarden.com\/es\/wp-json\/wp\/v2\/media\/2639"}],"wp:attachment":[{"href":"https:\/\/tandemgarden.com\/es\/wp-json\/wp\/v2\/media?parent=777"}],"curies":[{"name":"wp","href":"https:\/\/api.w.org\/{rel}","templated":true}]}}