{"id":7728,"date":"2021-11-03T18:10:55","date_gmt":"2021-11-03T17:10:55","guid":{"rendered":"https:\/\/tandemgarden.com\/product\/estanteria-ski\/"},"modified":"2024-12-05T14:01:46","modified_gmt":"2024-12-05T13:01:46","slug":"estanteria-ski","status":"publish","type":"product","link":"https:\/\/tandemgarden.com\/es\/producto\/estanteria-ski\/","title":{"rendered":"Estanter\u00eda ski"},"content":{"rendered":"","protected":false},"excerpt":{"rendered":"<p>Estanter\u00eda de madera en forma de esqu\u00eds, de 160 cm de altura<\/p>\n","protected":false},"featured_media":7727,"template":"","meta":[],"_links":{"self":[{"href":"https:\/\/tandemgarden.com\/es\/wp-json\/wp\/v2\/product\/7728"}],"collection":[{"href":"https:\/\/tandemgarden.com\/es\/wp-json\/wp\/v2\/product"}],"about":[{"href":"https:\/\/tandemgarden.com\/es\/wp-json\/wp\/v2\/types\/product"}],"wp:featuredmedia":[{"embeddable":true,"href":"https:\/\/tandemgarden.com\/es\/wp-json\/wp\/v2\/media\/7727"}],"wp:attachment":[{"href":"https:\/\/tandemgarden.com\/es\/wp-json\/wp\/v2\/media?parent=7728"}],"curies":[{"name":"wp","href":"https:\/\/api.w.org\/{rel}","templated":true}]}}