{"id":7698,"date":"2021-11-01T10:42:36","date_gmt":"2021-11-01T09:42:36","guid":{"rendered":"https:\/\/tandemgarden.com\/product\/macrame-single\/"},"modified":"2021-11-01T10:42:36","modified_gmt":"2021-11-01T09:42:36","slug":"macrame-single","status":"publish","type":"product","link":"https:\/\/tandemgarden.com\/es\/producto\/macrame-single\/","title":{"rendered":"Macram\u00e9 Single"},"content":{"rendered":"","protected":false},"excerpt":{"rendered":"<p id=\"tw-target-text\" class=\"tw-data-text tw-text-large XcVN5d tw-ta\" dir=\"ltr\" data-placeholder=\"Traducci\u00f3\"><span class=\"Y2IQFc\" lang=\"es\">Dise\u00f1ados para marcar tendencias, estos macram\u00e9s son el accesorio definitivo. Su aspecto astuto y su suave tacto dan esa c\u00e1lida sensaci\u00f3n de casa que recuerda viejos recuerdos. Este perchero de plantas de moda no s\u00f3lo es un complemento precioso, sino que tambi\u00e9n potencia la creatividad para las innumerables composiciones que permite. Adem\u00e1s, el hecho de que pueda moverse y girar hace que sea un accesorio muy din\u00e1mico con perspectivas diferentes cada segundo. Un parque infantil para que las plantas crezcan m\u00e1s felices.<\/span><\/p>\n<p dir=\"ltr\" data-placeholder=\"Traducci\u00f3\">Maceta recomendada: 14 cm<\/p>\n<p dir=\"ltr\" data-placeholder=\"Traducci\u00f3\">Color: blanco<\/p>\n","protected":false},"featured_media":7688,"template":"","meta":[],"_links":{"self":[{"href":"https:\/\/tandemgarden.com\/es\/wp-json\/wp\/v2\/product\/7698"}],"collection":[{"href":"https:\/\/tandemgarden.com\/es\/wp-json\/wp\/v2\/product"}],"about":[{"href":"https:\/\/tandemgarden.com\/es\/wp-json\/wp\/v2\/types\/product"}],"wp:featuredmedia":[{"embeddable":true,"href":"https:\/\/tandemgarden.com\/es\/wp-json\/wp\/v2\/media\/7688"}],"wp:attachment":[{"href":"https:\/\/tandemgarden.com\/es\/wp-json\/wp\/v2\/media?parent=7698"}],"curies":[{"name":"wp","href":"https:\/\/api.w.org\/{rel}","templated":true}]}}