{"id":7666,"date":"2021-10-31T16:04:40","date_gmt":"2021-10-31T15:04:40","guid":{"rendered":"https:\/\/tandemgarden.com\/product\/viola\/"},"modified":"2023-10-26T13:02:33","modified_gmt":"2023-10-26T12:02:33","slug":"viola","status":"publish","type":"product","link":"https:\/\/tandemgarden.com\/es\/producto\/viola\/","title":{"rendered":"Viola"},"content":{"rendered":"","protected":false},"excerpt":{"rendered":"<p>La Viola Cornuta, m\u00e1s conocida como Pensamiento Pirenaico o Mini, es una variedad de Viola que se caracteriza por tener la flor m\u00e1s peque\u00f1a que el Pensamiento com\u00fan. Adem\u00e1s, la floraci\u00f3n es m\u00e1s compacta y arom\u00e1tica. Es una planta baja y extensiva y es ideal para composiciones a rocalla o macizos y balconeras. La flor es tambi\u00e9n comestible.<\/p>\n","protected":false},"featured_media":7665,"template":"","meta":[],"_links":{"self":[{"href":"https:\/\/tandemgarden.com\/es\/wp-json\/wp\/v2\/product\/7666"}],"collection":[{"href":"https:\/\/tandemgarden.com\/es\/wp-json\/wp\/v2\/product"}],"about":[{"href":"https:\/\/tandemgarden.com\/es\/wp-json\/wp\/v2\/types\/product"}],"wp:featuredmedia":[{"embeddable":true,"href":"https:\/\/tandemgarden.com\/es\/wp-json\/wp\/v2\/media\/7665"}],"wp:attachment":[{"href":"https:\/\/tandemgarden.com\/es\/wp-json\/wp\/v2\/media?parent=7666"}],"curies":[{"name":"wp","href":"https:\/\/api.w.org\/{rel}","templated":true}]}}