{"id":7655,"date":"2021-10-31T15:55:23","date_gmt":"2021-10-31T14:55:23","guid":{"rendered":"https:\/\/tandemgarden.com\/product\/pensamento\/"},"modified":"2021-10-31T15:55:23","modified_gmt":"2021-10-31T14:55:23","slug":"pensamento","status":"publish","type":"product","link":"https:\/\/tandemgarden.com\/es\/producto\/pensamento\/","title":{"rendered":"Pensamento"},"content":{"rendered":"","protected":false},"excerpt":{"rendered":"<p>El pensamiento es una de las plantas m\u00e1s floridas de la temporada de oto\u00f1o e invierno, la floraci\u00f3n aguanta hasta principios de primavera. Son plantas muy utilizadas para combinarlas y ponerle algo de color durante las estaciones m\u00e1s fr\u00edas. Los hay de muchos colores, pero los m\u00e1s comunes son de tonos azules, lilas, amarillos y morados. Adem\u00e1s, son plantas comestibles<\/p>\n","protected":false},"featured_media":7654,"template":"","meta":[],"_links":{"self":[{"href":"https:\/\/tandemgarden.com\/es\/wp-json\/wp\/v2\/product\/7655"}],"collection":[{"href":"https:\/\/tandemgarden.com\/es\/wp-json\/wp\/v2\/product"}],"about":[{"href":"https:\/\/tandemgarden.com\/es\/wp-json\/wp\/v2\/types\/product"}],"wp:featuredmedia":[{"embeddable":true,"href":"https:\/\/tandemgarden.com\/es\/wp-json\/wp\/v2\/media\/7654"}],"wp:attachment":[{"href":"https:\/\/tandemgarden.com\/es\/wp-json\/wp\/v2\/media?parent=7655"}],"curies":[{"name":"wp","href":"https:\/\/api.w.org\/{rel}","templated":true}]}}