{"id":7641,"date":"2021-10-31T15:44:48","date_gmt":"2021-10-31T14:44:48","guid":{"rendered":"https:\/\/tandemgarden.com\/product\/ciclamen\/"},"modified":"2021-10-31T15:44:48","modified_gmt":"2021-10-31T14:44:48","slug":"ciclamen","status":"publish","type":"product","link":"https:\/\/tandemgarden.com\/es\/producto\/ciclamen\/","title":{"rendered":"Ciclamen"},"content":{"rendered":"","protected":false},"excerpt":{"rendered":"<p>Es una planta de tub\u00e9rculo muy popular por su floraci\u00f3n durante el invierno, que ayuda a dar color a las terrazas y balcones durante los meses m\u00e1s fr\u00edos del a\u00f1o. Destaca por su variedad crom\u00e1tica y llamativa. Es ideal para purificar los ambientes y adem\u00e1s relajan y transmiten mucha tranquilidad.<\/p>\n","protected":false},"featured_media":7636,"template":"","meta":[],"_links":{"self":[{"href":"https:\/\/tandemgarden.com\/es\/wp-json\/wp\/v2\/product\/7641"}],"collection":[{"href":"https:\/\/tandemgarden.com\/es\/wp-json\/wp\/v2\/product"}],"about":[{"href":"https:\/\/tandemgarden.com\/es\/wp-json\/wp\/v2\/types\/product"}],"wp:featuredmedia":[{"embeddable":true,"href":"https:\/\/tandemgarden.com\/es\/wp-json\/wp\/v2\/media\/7636"}],"wp:attachment":[{"href":"https:\/\/tandemgarden.com\/es\/wp-json\/wp\/v2\/media?parent=7641"}],"curies":[{"name":"wp","href":"https:\/\/api.w.org\/{rel}","templated":true}]}}