{"id":7597,"date":"2021-10-17T19:12:59","date_gmt":"2021-10-17T18:12:59","guid":{"rendered":"https:\/\/tandemgarden.com\/product\/arbol-artificial-imperial\/"},"modified":"2024-11-13T18:29:56","modified_gmt":"2024-11-13T17:29:56","slug":"arbol-artificial-imperial","status":"publish","type":"product","link":"https:\/\/tandemgarden.com\/es\/producto\/arbol-artificial-imperial\/","title":{"rendered":"\u00c1rbol artificial IMPERIAL"},"content":{"rendered":"","protected":false},"excerpt":{"rendered":"<p>\u00c1rbol artificial Imperial, con hojas verdes, es el Must Have de los \u00e1rboles artificiales. De f\u00e1cil montaje!<\/p>\n","protected":false},"featured_media":7596,"template":"","meta":[],"_links":{"self":[{"href":"https:\/\/tandemgarden.com\/es\/wp-json\/wp\/v2\/product\/7597"}],"collection":[{"href":"https:\/\/tandemgarden.com\/es\/wp-json\/wp\/v2\/product"}],"about":[{"href":"https:\/\/tandemgarden.com\/es\/wp-json\/wp\/v2\/types\/product"}],"wp:featuredmedia":[{"embeddable":true,"href":"https:\/\/tandemgarden.com\/es\/wp-json\/wp\/v2\/media\/7596"}],"wp:attachment":[{"href":"https:\/\/tandemgarden.com\/es\/wp-json\/wp\/v2\/media?parent=7597"}],"curies":[{"name":"wp","href":"https:\/\/api.w.org\/{rel}","templated":true}]}}