{"id":7584,"date":"2021-10-17T19:02:42","date_gmt":"2021-10-17T18:02:42","guid":{"rendered":"https:\/\/tandemgarden.com\/product\/arbol-artificial-ontario\/"},"modified":"2024-11-13T18:31:16","modified_gmt":"2024-11-13T17:31:16","slug":"arbol-artificial-ontario","status":"publish","type":"product","link":"https:\/\/tandemgarden.com\/es\/producto\/arbol-artificial-ontario\/","title":{"rendered":"\u00c1rbol artificial ONTARIO"},"content":{"rendered":"","protected":false},"excerpt":{"rendered":"<p>\u00c1rbol artificial ONTARIO, con hojas en forma de aguja muy tupidas. De f\u00e1cil montaje!<\/p>\n","protected":false},"featured_media":8770,"template":"","meta":[],"_links":{"self":[{"href":"https:\/\/tandemgarden.com\/es\/wp-json\/wp\/v2\/product\/7584"}],"collection":[{"href":"https:\/\/tandemgarden.com\/es\/wp-json\/wp\/v2\/product"}],"about":[{"href":"https:\/\/tandemgarden.com\/es\/wp-json\/wp\/v2\/types\/product"}],"wp:featuredmedia":[{"embeddable":true,"href":"https:\/\/tandemgarden.com\/es\/wp-json\/wp\/v2\/media\/8770"}],"wp:attachment":[{"href":"https:\/\/tandemgarden.com\/es\/wp-json\/wp\/v2\/media?parent=7584"}],"curies":[{"name":"wp","href":"https:\/\/api.w.org\/{rel}","templated":true}]}}