{"id":7574,"date":"2021-10-17T18:56:29","date_gmt":"2021-10-17T17:56:29","guid":{"rendered":"https:\/\/tandemgarden.com\/product\/arbol-artificial-lodge\/"},"modified":"2024-11-13T18:31:50","modified_gmt":"2024-11-13T17:31:50","slug":"arbol-artificial-lodge","status":"publish","type":"product","link":"https:\/\/tandemgarden.com\/es\/producto\/arbol-artificial-lodge\/","title":{"rendered":"\u00c1rbol artificial LODGE"},"content":{"rendered":"","protected":false},"excerpt":{"rendered":"<p>\u00c1rbol artificial Lodge, con hojas verdes, es ideal para espacios peque\u00f1os, ya que \u00e9s m\u00e1s estrecho. De f\u00e1cil montaje!<\/p>\n","protected":false},"featured_media":7571,"template":"","meta":[],"_links":{"self":[{"href":"https:\/\/tandemgarden.com\/es\/wp-json\/wp\/v2\/product\/7574"}],"collection":[{"href":"https:\/\/tandemgarden.com\/es\/wp-json\/wp\/v2\/product"}],"about":[{"href":"https:\/\/tandemgarden.com\/es\/wp-json\/wp\/v2\/types\/product"}],"wp:featuredmedia":[{"embeddable":true,"href":"https:\/\/tandemgarden.com\/es\/wp-json\/wp\/v2\/media\/7571"}],"wp:attachment":[{"href":"https:\/\/tandemgarden.com\/es\/wp-json\/wp\/v2\/media?parent=7574"}],"curies":[{"name":"wp","href":"https:\/\/api.w.org\/{rel}","templated":true}]}}