{"id":7566,"date":"2021-10-17T18:52:02","date_gmt":"2021-10-17T17:52:02","guid":{"rendered":"https:\/\/tandemgarden.com\/product\/arbol-artificial-imperial-nevado\/"},"modified":"2024-11-13T18:34:19","modified_gmt":"2024-11-13T17:34:19","slug":"arbol-artificial-imperial-nevado","status":"publish","type":"product","link":"https:\/\/tandemgarden.com\/es\/producto\/arbol-artificial-imperial-nevado\/","title":{"rendered":"\u00c1rbol artificial IMPERIAL NEVADO"},"content":{"rendered":"","protected":false},"excerpt":{"rendered":"<p>\u00c1rbol artificial Imperial nevado con hojas blancas, simulando un \u00e1rbol completamente nevado. De f\u00e1cil montaje!<\/p>\n","protected":false},"featured_media":7565,"template":"","meta":[],"_links":{"self":[{"href":"https:\/\/tandemgarden.com\/es\/wp-json\/wp\/v2\/product\/7566"}],"collection":[{"href":"https:\/\/tandemgarden.com\/es\/wp-json\/wp\/v2\/product"}],"about":[{"href":"https:\/\/tandemgarden.com\/es\/wp-json\/wp\/v2\/types\/product"}],"wp:featuredmedia":[{"embeddable":true,"href":"https:\/\/tandemgarden.com\/es\/wp-json\/wp\/v2\/media\/7565"}],"wp:attachment":[{"href":"https:\/\/tandemgarden.com\/es\/wp-json\/wp\/v2\/media?parent=7566"}],"curies":[{"name":"wp","href":"https:\/\/api.w.org\/{rel}","templated":true}]}}