{"id":7556,"date":"2021-10-17T18:42:20","date_gmt":"2021-10-17T17:42:20","guid":{"rendered":"https:\/\/tandemgarden.com\/product\/arbol-artificial-liberty\/"},"modified":"2024-11-13T18:35:04","modified_gmt":"2024-11-13T17:35:04","slug":"arbol-artificial-liberty","status":"publish","type":"product","link":"https:\/\/tandemgarden.com\/es\/producto\/arbol-artificial-liberty\/","title":{"rendered":"\u00c1rbol artificial LIBERTY"},"content":{"rendered":"","protected":false},"excerpt":{"rendered":"<p>\u00c1rbol artificial LIBERTY con hojas de color verde-blanco para simular nieve y hielo que no ensucia. Di\u00e1metro ancho y de f\u00e1cil montaje!<\/p>\n","protected":false},"featured_media":7553,"template":"","meta":[],"_links":{"self":[{"href":"https:\/\/tandemgarden.com\/es\/wp-json\/wp\/v2\/product\/7556"}],"collection":[{"href":"https:\/\/tandemgarden.com\/es\/wp-json\/wp\/v2\/product"}],"about":[{"href":"https:\/\/tandemgarden.com\/es\/wp-json\/wp\/v2\/types\/product"}],"wp:featuredmedia":[{"embeddable":true,"href":"https:\/\/tandemgarden.com\/es\/wp-json\/wp\/v2\/media\/7553"}],"wp:attachment":[{"href":"https:\/\/tandemgarden.com\/es\/wp-json\/wp\/v2\/media?parent=7556"}],"curies":[{"name":"wp","href":"https:\/\/api.w.org\/{rel}","templated":true}]}}