{"id":755,"date":"2020-11-14T16:27:06","date_gmt":"2020-11-15T18:11:38","guid":{"rendered":"https:\/\/tandemgarden.com?post_type=product&#038;p=755"},"modified":"2020-11-15T18:11:39","modified_gmt":"2020-11-15T18:11:39","slug":"fungicida-polivalente-concentrado","status":"publish","type":"product","link":"https:\/\/tandemgarden.com\/es\/producto\/fungicida-polivalente-concentrado\/","title":{"rendered":"Fungicida polivalente concentrado"},"content":{"rendered":"","protected":false},"excerpt":{"rendered":"<p>Tratamiento fungicida concentrado, id\u00f3neo para eliminar las enfermedades causadas por los hongos m\u00e1s habituales en las plantas. 2 en 1: preventivo y curativo. Es un fungicida de acci\u00f3n sist\u00e9mica eficaz para el o\u00eddio, roya y manchas negras, entre otros.<\/p>\n","protected":false},"featured_media":2735,"template":"","meta":[],"_links":{"self":[{"href":"https:\/\/tandemgarden.com\/es\/wp-json\/wp\/v2\/product\/755"}],"collection":[{"href":"https:\/\/tandemgarden.com\/es\/wp-json\/wp\/v2\/product"}],"about":[{"href":"https:\/\/tandemgarden.com\/es\/wp-json\/wp\/v2\/types\/product"}],"wp:featuredmedia":[{"embeddable":true,"href":"https:\/\/tandemgarden.com\/es\/wp-json\/wp\/v2\/media\/2735"}],"wp:attachment":[{"href":"https:\/\/tandemgarden.com\/es\/wp-json\/wp\/v2\/media?parent=755"}],"curies":[{"name":"wp","href":"https:\/\/api.w.org\/{rel}","templated":true}]}}