{"id":7547,"date":"2021-10-17T18:34:05","date_gmt":"2021-10-17T17:34:05","guid":{"rendered":"https:\/\/tandemgarden.com\/product\/arbol-artificial-norwich\/"},"modified":"2024-11-13T18:32:48","modified_gmt":"2024-11-13T17:32:48","slug":"arbol-artificial-norwich","status":"publish","type":"product","link":"https:\/\/tandemgarden.com\/es\/producto\/arbol-artificial-norwich\/","title":{"rendered":"\u00c1rbol artificial NORWICH"},"content":{"rendered":"","protected":false},"excerpt":{"rendered":"<p>\u00c1rbol artificial Norwich, con hojas en forma de aguja muy tupidas y incluye pi\u00f1as de color marr\u00f3n que lo hacen muy natural. De f\u00e1cil montaje!<\/p>\n","protected":false},"featured_media":7544,"template":"","meta":[],"_links":{"self":[{"href":"https:\/\/tandemgarden.com\/es\/wp-json\/wp\/v2\/product\/7547"}],"collection":[{"href":"https:\/\/tandemgarden.com\/es\/wp-json\/wp\/v2\/product"}],"about":[{"href":"https:\/\/tandemgarden.com\/es\/wp-json\/wp\/v2\/types\/product"}],"wp:featuredmedia":[{"embeddable":true,"href":"https:\/\/tandemgarden.com\/es\/wp-json\/wp\/v2\/media\/7544"}],"wp:attachment":[{"href":"https:\/\/tandemgarden.com\/es\/wp-json\/wp\/v2\/media?parent=7547"}],"curies":[{"name":"wp","href":"https:\/\/api.w.org\/{rel}","templated":true}]}}