{"id":7444,"date":"2021-10-16T15:10:10","date_gmt":"2021-10-16T14:10:10","guid":{"rendered":"https:\/\/tandemgarden.com\/product\/bola-de-nieve\/"},"modified":"2024-12-05T13:58:37","modified_gmt":"2024-12-05T12:58:37","slug":"bola-de-nieve","status":"publish","type":"product","link":"https:\/\/tandemgarden.com\/es\/producto\/bola-de-nieve\/","title":{"rendered":"Bola de nieve"},"content":{"rendered":"","protected":false},"excerpt":{"rendered":"<p>Bola de nieve de cristal de ambientaci\u00f3n navide\u00f1a, de 10 cm de di\u00e1metro<\/p>\n","protected":false},"featured_media":9923,"template":"","meta":[],"_links":{"self":[{"href":"https:\/\/tandemgarden.com\/es\/wp-json\/wp\/v2\/product\/7444"}],"collection":[{"href":"https:\/\/tandemgarden.com\/es\/wp-json\/wp\/v2\/product"}],"about":[{"href":"https:\/\/tandemgarden.com\/es\/wp-json\/wp\/v2\/types\/product"}],"wp:featuredmedia":[{"embeddable":true,"href":"https:\/\/tandemgarden.com\/es\/wp-json\/wp\/v2\/media\/9923"}],"wp:attachment":[{"href":"https:\/\/tandemgarden.com\/es\/wp-json\/wp\/v2\/media?parent=7444"}],"curies":[{"name":"wp","href":"https:\/\/api.w.org\/{rel}","templated":true}]}}