{"id":737,"date":"2020-11-14T15:07:12","date_gmt":"2020-11-14T15:07:12","guid":{"rendered":"https:\/\/tandemgarden.com\/product\/fertilizante-de-palmeras-liquido-concentrado\/"},"modified":"2022-12-23T16:33:10","modified_gmt":"2022-12-23T15:33:10","slug":"fertilizante-palmeras","status":"publish","type":"product","link":"https:\/\/tandemgarden.com\/es\/producto\/fertilizante-palmeras\/","title":{"rendered":"Fertilizante palmeras"},"content":{"rendered":"","protected":false},"excerpt":{"rendered":"<p>Fertilizante de palmeras l\u00edquido concentrado. Presenta una equilibrada relaci\u00f3n de nutrientes, f\u00f3sforo y potasio, que permite prevenir las enfermedades que atacan el cuello y las ra\u00edces de las palmeras. Adem\u00e1s el hierro quelatado estimula la actividad fotosint\u00e9tica de la planta evitando el amarilleo de las hojas.<\/p>\n","protected":false},"featured_media":2712,"template":"","meta":[],"_links":{"self":[{"href":"https:\/\/tandemgarden.com\/es\/wp-json\/wp\/v2\/product\/737"}],"collection":[{"href":"https:\/\/tandemgarden.com\/es\/wp-json\/wp\/v2\/product"}],"about":[{"href":"https:\/\/tandemgarden.com\/es\/wp-json\/wp\/v2\/types\/product"}],"wp:featuredmedia":[{"embeddable":true,"href":"https:\/\/tandemgarden.com\/es\/wp-json\/wp\/v2\/media\/2712"}],"wp:attachment":[{"href":"https:\/\/tandemgarden.com\/es\/wp-json\/wp\/v2\/media?parent=737"}],"curies":[{"name":"wp","href":"https:\/\/api.w.org\/{rel}","templated":true}]}}