{"id":733,"date":"2020-11-14T15:02:38","date_gmt":"2020-11-14T15:02:38","guid":{"rendered":"https:\/\/tandemgarden.com\/product\/fertilizante-de-bonsais-liquido\/"},"modified":"2022-12-23T16:34:39","modified_gmt":"2022-12-23T15:34:39","slug":"fertilizante-bonsais","status":"publish","type":"product","link":"https:\/\/tandemgarden.com\/es\/producto\/fertilizante-bonsais\/","title":{"rendered":"Fertilizante bons\u00e1is"},"content":{"rendered":"","protected":false},"excerpt":{"rendered":"<p>Fertilizante l\u00edquido concentrado para bons\u00e1is, que mejora la cicatrizaci\u00f3n y el verdor de los bueno y controla el crecimiento y el desarrollo compacto. Obtendr\u00e1s unas bons\u00e1is m\u00e1s resistentes y vigorosos.<\/p>\n","protected":false},"featured_media":6978,"template":"","meta":[],"_links":{"self":[{"href":"https:\/\/tandemgarden.com\/es\/wp-json\/wp\/v2\/product\/733"}],"collection":[{"href":"https:\/\/tandemgarden.com\/es\/wp-json\/wp\/v2\/product"}],"about":[{"href":"https:\/\/tandemgarden.com\/es\/wp-json\/wp\/v2\/types\/product"}],"wp:featuredmedia":[{"embeddable":true,"href":"https:\/\/tandemgarden.com\/es\/wp-json\/wp\/v2\/media\/6978"}],"wp:attachment":[{"href":"https:\/\/tandemgarden.com\/es\/wp-json\/wp\/v2\/media?parent=733"}],"curies":[{"name":"wp","href":"https:\/\/api.w.org\/{rel}","templated":true}]}}