{"id":721,"date":"2020-11-14T14:51:45","date_gmt":"2020-11-14T14:51:45","guid":{"rendered":"https:\/\/tandemgarden.com\/product\/fertilizante-hortensias-y-rododendro-granulado\/"},"modified":"2021-08-13T12:12:29","modified_gmt":"2021-08-13T11:12:29","slug":"fertilizante-hortensias-y-rododendro-granulado","status":"publish","type":"product","link":"https:\/\/tandemgarden.com\/es\/producto\/fertilizante-hortensias-y-rododendro-granulado\/","title":{"rendered":"Fertilizante hortensias"},"content":{"rendered":"","protected":false},"excerpt":{"rendered":"<p>Fertilizante ecol\u00f3gico granulado para todo tipo de hortensias y rododendros. Adecuado tambi\u00e9n para plantas que requieren de tierra \u00e1cida, como buganvilias, ericas, azaleas y gardenias. Favorece un crecimiento exuberante y una floraci\u00f3n abundante con un efecto inmediato y a largo plazo.<\/p>\n","protected":false},"featured_media":6989,"template":"","meta":[],"_links":{"self":[{"href":"https:\/\/tandemgarden.com\/es\/wp-json\/wp\/v2\/product\/721"}],"collection":[{"href":"https:\/\/tandemgarden.com\/es\/wp-json\/wp\/v2\/product"}],"about":[{"href":"https:\/\/tandemgarden.com\/es\/wp-json\/wp\/v2\/types\/product"}],"wp:featuredmedia":[{"embeddable":true,"href":"https:\/\/tandemgarden.com\/es\/wp-json\/wp\/v2\/media\/6989"}],"wp:attachment":[{"href":"https:\/\/tandemgarden.com\/es\/wp-json\/wp\/v2\/media?parent=721"}],"curies":[{"name":"wp","href":"https:\/\/api.w.org\/{rel}","templated":true}]}}