{"id":7191,"date":"2021-10-14T16:58:41","date_gmt":"2021-10-14T15:58:41","guid":{"rendered":"https:\/\/tandemgarden.com\/product\/guirnalda-de-luces-compact\/"},"modified":"2024-12-05T14:55:35","modified_gmt":"2024-12-05T13:55:35","slug":"guirnalda-de-luces-compact","status":"publish","type":"product","link":"https:\/\/tandemgarden.com\/es\/producto\/guirnalda-de-luces-compact\/","title":{"rendered":"Guirnalda de luces COMPACT"},"content":{"rendered":"","protected":false},"excerpt":{"rendered":"<p>Guirnalda de luz c\u00e1lida y opci\u00f3n de escoger entre cable verde oscuro o transparente, para \u00e1rboles de 150 o 180 cm<\/p>\n<p>Longitud del cable: 11 m<br \/>\nN\u00famero de LEDs: 500<\/p>\n<p>Funciona con enchufe y es apto para interior y exterior<\/p>\n","protected":false},"featured_media":9038,"template":"","meta":[],"_links":{"self":[{"href":"https:\/\/tandemgarden.com\/es\/wp-json\/wp\/v2\/product\/7191"}],"collection":[{"href":"https:\/\/tandemgarden.com\/es\/wp-json\/wp\/v2\/product"}],"about":[{"href":"https:\/\/tandemgarden.com\/es\/wp-json\/wp\/v2\/types\/product"}],"wp:featuredmedia":[{"embeddable":true,"href":"https:\/\/tandemgarden.com\/es\/wp-json\/wp\/v2\/media\/9038"}],"wp:attachment":[{"href":"https:\/\/tandemgarden.com\/es\/wp-json\/wp\/v2\/media?parent=7191"}],"curies":[{"name":"wp","href":"https:\/\/api.w.org\/{rel}","templated":true}]}}